{"id":1200,"date":"2026-01-22T18:27:24","date_gmt":"2026-01-22T18:27:24","guid":{"rendered":"https:\/\/azclan.com\/br\/?page_id=1200"},"modified":"2026-04-01T01:07:31","modified_gmt":"2026-04-01T04:07:31","slug":"mural-de-acordos","status":"publish","type":"page","link":"https:\/\/azclan.com\/br\/mural-de-acordos\/","title":{"rendered":"Mural de la\u00e7os"},"content":{"rendered":"<div id=\"bot-mural-wrap\" class=\"bot-wrap\">\n\n    <div class=\"bot-tools inputs-search-mural\" style=\"display: flex; gap: 4px;\">\n        <input type=\"text\" id=\"bot-search\" placeholder=\"Usu\u00e1rio ou t\u00edtulo\">\n        <select id=\"bot-filter-state\">\n            <option value=\"\">Todas os estados<\/option>\n            <option value=\"AC\">Acre<\/option><option value=\"AL\">Alagoas<\/option><option value=\"AP\">Amap\u00e1<\/option><option value=\"AM\">Amazonas<\/option><option value=\"BA\">Bahia<\/option><option value=\"CE\">Cear\u00e1<\/option><option value=\"DF\">Distrito Federal<\/option><option value=\"ES\">Esp\u00edrito Santo<\/option><option value=\"GO\">Goi\u00e1s<\/option><option value=\"MA\">Maranh\u00e3o<\/option><option value=\"MT\">Mato Grosso<\/option><option value=\"MS\">Mato Grosso do Sul<\/option><option value=\"MG\">Minas Gerais<\/option><option value=\"PA\">Par\u00e1<\/option><option value=\"PB\">Para\u00edba<\/option><option value=\"PR\">Paran\u00e1<\/option><option value=\"PE\">Pernambuco<\/option><option value=\"PI\">Piau\u00ed<\/option><option value=\"RJ\">Rio de Janeiro<\/option><option value=\"RN\">Rio Grande do Norte<\/option><option value=\"RS\">Rio Grande do Sul<\/option><option value=\"RO\">Rond\u00f4nia<\/option><option value=\"RR\">Roraima<\/option><option value=\"SC\">Santa Catarina<\/option><option value=\"SP\">S\u00e3o Paulo<\/option><option value=\"SE\">Sergipe<\/option><option value=\"TO\">Tocantins<\/option>        <\/select>\n        <input type=\"text\" id=\"bot-search-city\" placeholder=\"Buscar por cidade\">\n\n        <select id=\"bot-filter-cat\">\n            <option value=\"\">Todas as categorias<\/option>\n            <option value=\"Namoro\">Namoro<\/option>\n            <option value=\"Amizade\">Amizade<\/option>\n            <option value=\"Uni\u00e3o\">Uni\u00e3o<\/option>\n            <option value=\"Profissional\">Profissional<\/option>\n        <\/select>\n\n        \n\n        <button id=\"bot-refresh\" style=\"display: none;\">Buscarr<\/button>\n    <\/div>\n\n\n    <!-- Lista do mural -->\n    <div id=\"bot-mural-list\" class=\"bot-mural-list\"><\/div>\n\n\n    <div id=\"bot-load-more-wrap\">\n        <button id=\"bot-load-more\" data-page=\"1\">Carregar mais<\/button>\n    <\/div>\n\n\t<div id=\"bot-accept-modal\" class=\"bot-modal\" style=\"display:none;\">\n    <div class=\"bot-modal-content\">\n        <h3 style=\"color: white;\">Aceitar acordo<\/h3>\n        <p>Deseja deixar um coment\u00e1rio ao aceitar? (opcional)<\/p>\n\n        <textarea id=\"bot-accept-comment\" style=\"color: white;\" placeholder=\"Digite seu coment\u00e1rio...\"><\/textarea>\n\n        <div class=\"bot-modal-actions\">\n            <button id=\"bot-cancel-accept\">Cancelar<\/button>\n            <button id=\"bot-confirm-accept\">Confirmar<\/button>\n        <\/div>\n    <\/div>\n<\/div>\n\n\n    \n    <div class=\"bot-ads-area\">\n        <ins class=\"adsbygoogle\"\n            style=\"display:block;margin:20px 0\"\n            data-ad-client=\"SEU-C\u00d3DIGO\"\n            data-ad-slot=\"0000000000\"\n            data-ad-format=\"rectangle\"\n            data-full-width-responsive=\"true\"><\/ins>\n\n        <script>(adsbygoogle = window.adsbygoogle || []).push({});<\/script>\n    <\/div>\n\n\n\n\n\n\n<style>\n  \/* Estilo do Rodap\u00e9 *\/\n  .social-footer {\n    background-color: #ffffff;\n    padding: 40px 20px 20px;\n    font-family: -apple-system, BlinkMacSystemFont, \"Segoe UI\", Roboto, Helvetica, Arial, sans-serif;\n    border-top: 1px solid #e5e7eb;\n    color: #65676b;\n  }\n\n  .footer-container {\n    max-width: 1000px;\n    margin: 0 auto;\n    display: flex;\n    flex-wrap: wrap;\n    justify-content: space-between;\n    gap: 20px;\n  }\n\n  .footer-column {\n    flex: 1;\n    min-width: 150px;\n  }\n\n  .footer-column h4 {\n    color: #1c1e21;\n    font-size: 14px;\n    margin-bottom: 15px;\n    text-transform: uppercase;\n    letter-spacing: 0.5px;\n  }\n\n  .footer-column ul {\n    list-style: none;\n    padding: 0;\n    margin: 0;\n  }\n\n  .footer-column ul li {\n    margin-bottom: 8px;\n  }\n\n  .footer-column ul li a {\n    text-decoration: none;\n    color: #65676b;\n    font-size: 13px;\n    transition: underline 0.2s;\n  }\n\n  .footer-column ul li a:hover {\n    text-decoration: underline;\n  }\n\n  \/* Barra de Copyright Inferior *\/\n  .footer-bottom {\n    max-width: 1000px;\n    margin: 30px auto 0;\n    padding-top: 20px;\n    border-top: 1px solid #ebedf0;\n    font-size: 12px;\n    display: flex;\n    justify-content: space-between;\n    align-items: center;\n    flex-wrap: wrap;\n  }\n\n  .footer-copy {\n    color: #8a8d91;\n  }\n\n  @media (max-width: 600px) {\n    .footer-container { display: block; }\n    .footer-column { margin-bottom: 25px; }\n    .footer-bottom { flex-direction: column; text-align: center; gap: 10px; }\n  }\n<\/style>\n\n<footer class=\"social-footer\">\n  <div class=\"footer-container\">\n    <!-- Coluna 1 -->\n    <div class=\"footer-column\">\n      <h4>Plataforma<\/h4>\n      <ul>\n        <li><a href=\"#\">In\u00edcio<\/a><\/li>\n        <li><a href=\"#\">Explorar<\/a><\/li>\n        <li><a href=\"#\">Grupos<\/a><\/li>\n        <li><a href=\"#\">Eventos<\/a><\/li>\n      <\/ul>\n    <\/div>\n\n    <!-- Coluna 2 -->\n    <div class=\"footer-column\">\n      <h4>Comunidade<\/h4>\n      <ul>\n        <li><a href=\"#\">Diretrizes<\/a><\/li>\n        <li><a href=\"#\">Membros<\/a><\/li>\n        <li><a href=\"#\">F\u00f3rum<\/a><\/li>\n        <li><a href=\"#\">Suporte<\/a><\/li>\n      <\/ul>\n    <\/div>\n\n    <!-- Coluna 3 -->\n    <div class=\"footer-column\">\n      <h4>Recursos<\/h4>\n      <ul>\n        <li><a href=\"#\">Blog<\/a><\/li>\n        <li><a href=\"#\">Ajuda<\/a><\/li>\n        <li><a href=\"#\">Privacidade<\/a><\/li>\n        <li><a href=\"#\">Termos<\/a><\/li>\n      <\/ul>\n    <\/div>\n\n    <!-- Coluna 4 (Opcional - Estilo FB) -->\n    <div class=\"footer-column\">\n      <h4>Mais<\/h4>\n      <ul>\n        <li><a href=\"#\">Anunciar<\/a><\/li>\n        <li><a href=\"#\">Desenvolvedores<\/a><\/li>\n        <li><a href=\"#\">Sobre n\u00f3s<\/a><\/li>\n      <\/ul>\n    <\/div>\n  <\/div>\n\n  <div class=\"footer-bottom\">\n    <div class=\"footer-copy\">\n      \u00a9 2024 NomeDaSuaRede \u2022 Conectando pessoas.\n    <\/div>\n    <div class=\"footer-lang\">\n      Portugu\u00eas (Brasil) \u2022 English (US) \u2022 Espa\u00f1ol\n    <\/div>\n  <\/div>\n<\/footer>\n","protected":false},"excerpt":{"rendered":"<p>Plataforma In\u00edcio Explorar Grupos Eventos Comunidade Diretrizes Membros F\u00f3rum Suporte Recursos Blog Ajuda Privacidade Termos Mais Anunciar Desenvolvedores Sobre n\u00f3s \u00a9 2024 NomeDaSuaRede \u2022 Conectando pessoas. Portugu\u00eas (Brasil) \u2022 English (US) \u2022 Espa\u00f1ol<\/p>\n<div class='heateorSssClear'><\/div><div  class='heateor_sss_sharing_container heateor_sss_horizontal_sharing' data-heateor-sss-href='https:\/\/azclan.com\/br\/mural-de-acordos\/'><div class='heateor_sss_sharing_title' style=\"font-weight:bold\" ><\/div><div class=\"heateor_sss_sharing_ul\"><a aria-label=\"Whatsapp\" class=\"heateor_sss_whatsapp\" href=\"https:\/\/api.whatsapp.com\/send?text=Mural%20de%20la%C3%A7os%20https%3A%2F%2Fazclan.com%2Fbr%2Fmural-de-acordos%2F\" title=\"Whatsapp\" rel=\"nofollow noopener\" target=\"_blank\" style=\"font-size:32px!important;box-shadow:none;display:inline-block;vertical-align:middle\"><span class=\"heateor_sss_square_count heateor_sss_whatsapp_count\">&nbsp;<\/span><span class=\"heateor_sss_svg\" style=\"background-color:#55eb4c;width:25px;height:25px;border-radius:999px;display:inline-block;opacity:1;float:left;font-size:32px;box-shadow:none;display:inline-block;font-size:16px;padding:0 4px;vertical-align:middle;background-repeat:repeat;overflow:hidden;padding:0;cursor:pointer;box-sizing:content-box\"><svg style=\"display:block;border-radius:999px;\" focusable=\"false\" aria-hidden=\"true\" xmlns=\"http:\/\/www.w3.org\/2000\/svg\" width=\"100%\" height=\"100%\" viewBox=\"-6 -5 40 40\"><path class=\"heateor_sss_svg_stroke heateor_sss_no_fill\" stroke=\"#fff\" stroke-width=\"2\" fill=\"none\" d=\"M 11.579798566743314 24.396926207859085 A 10 10 0 1 0 6.808479557110079 20.73576436351046\"><\/path><path d=\"M 7 19 l -1 6 l 6 -1\" class=\"heateor_sss_no_fill heateor_sss_svg_stroke\" stroke=\"#fff\" stroke-width=\"2\" fill=\"none\"><\/path><path d=\"M 10 10 q -1 8 8 11 c 5 -1 0 -6 -1 -3 q -4 -3 -5 -5 c 4 -2 -1 -5 -1 -4\" fill=\"#fff\"><\/path><\/svg><\/span><\/a><a aria-label=\"Instagram\" class=\"heateor_sss_button_instagram\" href=\"https:\/\/www.instagram.com\/\" title=\"Instagram\" rel=\"nofollow noopener\" target=\"_blank\" style=\"font-size:32px!important;box-shadow:none;display:inline-block;vertical-align:middle\"><span class=\"heateor_sss_square_count heateor_sss_instagram_count\">&nbsp;<\/span><span class=\"heateor_sss_svg\" style=\"background-color:#53beee;width:25px;height:25px;border-radius:999px;display:inline-block;opacity:1;float:left;font-size:32px;box-shadow:none;display:inline-block;font-size:16px;padding:0 4px;vertical-align:middle;background-repeat:repeat;overflow:hidden;padding:0;cursor:pointer;box-sizing:content-box\"><svg style=\"display:block;border-radius:999px;\" version=\"1.1\" viewBox=\"-10 -10 148 148\" width=\"100%\" height=\"100%\" xml:space=\"preserve\" xmlns=\"http:\/\/www.w3.org\/2000\/svg\" xmlns:xlink=\"http:\/\/www.w3.org\/1999\/xlink\"><g><g><path d=\"M86,112H42c-14.336,0-26-11.663-26-26V42c0-14.337,11.664-26,26-26h44c14.337,0,26,11.663,26,26v44 C112,100.337,100.337,112,86,112z M42,24c-9.925,0-18,8.074-18,18v44c0,9.925,8.075,18,18,18h44c9.926,0,18-8.075,18-18V42 c0-9.926-8.074-18-18-18H42z\" fill=\"#fff\"><\/path><\/g><g><path d=\"M64,88c-13.234,0-24-10.767-24-24c0-13.234,10.766-24,24-24s24,10.766,24,24C88,77.233,77.234,88,64,88z M64,48c-8.822,0-16,7.178-16,16s7.178,16,16,16c8.822,0,16-7.178,16-16S72.822,48,64,48z\" fill=\"#fff\"><\/path><\/g><g><circle cx=\"89.5\" cy=\"38.5\" fill=\"#fff\" r=\"5.5\"><\/circle><\/g><\/g><\/svg><\/span><\/a><a aria-label=\"Copy Link\" class=\"heateor_sss_button_copy_link\" title=\"Copy Link\" rel=\"noopener\" href=\"https:\/\/azclan.com\/br\/mural-de-acordos\/\" onclick=\"event.preventDefault()\" style=\"font-size:32px!important;box-shadow:none;display:inline-block;vertical-align:middle\"><span class=\"heateor_sss_square_count heateor_sss_Copy_Link_count\">&nbsp;<\/span><span class=\"heateor_sss_svg heateor_sss_s__default heateor_sss_s_copy_link\" style=\"background-color:#ffc112;width:25px;height:25px;border-radius:999px;display:inline-block;opacity:1;float:left;font-size:32px;box-shadow:none;display:inline-block;font-size:16px;padding:0 4px;vertical-align:middle;background-repeat:repeat;overflow:hidden;padding:0;cursor:pointer;box-sizing:content-box\"><svg style=\"display:block;border-radius:999px;\" focusable=\"false\" aria-hidden=\"true\" xmlns=\"http:\/\/www.w3.org\/2000\/svg\" width=\"100%\" height=\"100%\" viewBox=\"-4 -4 40 40\"><path fill=\"#fff\" d=\"M24.412 21.177c0-.36-.126-.665-.377-.917l-2.804-2.804a1.235 1.235 0 0 0-.913-.378c-.377 0-.7.144-.97.43.026.028.11.11.255.25.144.14.24.236.29.29s.117.14.2.256c.087.117.146.232.177.344.03.112.046.236.046.37 0 .36-.126.666-.377.918a1.25 1.25 0 0 1-.918.377 1.4 1.4 0 0 1-.373-.047 1.062 1.062 0 0 1-.345-.175 2.268 2.268 0 0 1-.256-.2 6.815 6.815 0 0 1-.29-.29c-.14-.142-.223-.23-.25-.254-.297.28-.445.607-.445.984 0 .36.126.664.377.916l2.778 2.79c.243.243.548.364.917.364.36 0 .665-.118.917-.35l1.982-1.97c.252-.25.378-.55.378-.9zm-9.477-9.504c0-.36-.126-.665-.377-.917l-2.777-2.79a1.235 1.235 0 0 0-.913-.378c-.35 0-.656.12-.917.364L7.967 9.92c-.254.252-.38.553-.38.903 0 .36.126.665.38.917l2.802 2.804c.242.243.547.364.916.364.377 0 .7-.14.97-.418-.026-.027-.11-.11-.255-.25s-.24-.235-.29-.29a2.675 2.675 0 0 1-.2-.255 1.052 1.052 0 0 1-.176-.344 1.396 1.396 0 0 1-.047-.37c0-.36.126-.662.377-.914.252-.252.557-.377.917-.377.136 0 .26.015.37.046.114.03.23.09.346.175.117.085.202.153.256.2.054.05.15.148.29.29.14.146.222.23.25.258.294-.278.442-.606.442-.983zM27 21.177c0 1.078-.382 1.99-1.146 2.736l-1.982 1.968c-.745.75-1.658 1.12-2.736 1.12-1.087 0-2.004-.38-2.75-1.143l-2.777-2.79c-.75-.747-1.12-1.66-1.12-2.737 0-1.106.392-2.046 1.183-2.818l-1.186-1.185c-.774.79-1.708 1.186-2.805 1.186-1.078 0-1.995-.376-2.75-1.13l-2.803-2.81C5.377 12.82 5 11.903 5 10.826c0-1.08.382-1.993 1.146-2.738L8.128 6.12C8.873 5.372 9.785 5 10.864 5c1.087 0 2.004.382 2.75 1.146l2.777 2.79c.75.747 1.12 1.66 1.12 2.737 0 1.105-.392 2.045-1.183 2.817l1.186 1.186c.774-.79 1.708-1.186 2.805-1.186 1.078 0 1.995.377 2.75 1.132l2.804 2.804c.754.755 1.13 1.672 1.13 2.75z\"\/><\/svg><\/span><\/a><a aria-label=\"Facebook\" class=\"heateor_sss_facebook\" href=\"https:\/\/www.facebook.com\/sharer\/sharer.php?u=https%3A%2F%2Fazclan.com%2Fbr%2Fmural-de-acordos%2F\" title=\"Facebook\" rel=\"nofollow noopener\" target=\"_blank\" style=\"font-size:32px!important;box-shadow:none;display:inline-block;vertical-align:middle\"><span class=\"heateor_sss_square_count heateor_sss_facebook_count\">&nbsp;<\/span><span class=\"heateor_sss_svg\" style=\"background-color:#0765FE;width:25px;height:25px;border-radius:999px;display:inline-block;opacity:1;float:left;font-size:32px;box-shadow:none;display:inline-block;font-size:16px;padding:0 4px;vertical-align:middle;background-repeat:repeat;overflow:hidden;padding:0;cursor:pointer;box-sizing:content-box\"><svg style=\"display:block;border-radius:999px;\" focusable=\"false\" aria-hidden=\"true\" xmlns=\"http:\/\/www.w3.org\/2000\/svg\" width=\"100%\" height=\"100%\" viewBox=\"0 0 32 32\"><path fill=\"#fff\" d=\"M28 16c0-6.627-5.373-12-12-12S4 9.373 4 16c0 5.628 3.875 10.35 9.101 11.647v-7.98h-2.474V16H13.1v-1.58c0-4.085 1.849-5.978 5.859-5.978.76 0 2.072.15 2.608.298v3.325c-.283-.03-.775-.045-1.386-.045-1.967 0-2.728.745-2.728 2.683V16h3.92l-.673 3.667h-3.247v8.245C23.395 27.195 28 22.135 28 16Z\"><\/path><\/svg><\/span><\/a><a aria-label=\"X\" class=\"heateor_sss_button_x\" href=\"https:\/\/twitter.com\/intent\/tweet?text=Mural%20de%20la%C3%A7os&url=https%3A%2F%2Fazclan.com%2Fbr%2Fmural-de-acordos%2F\" title=\"X\" rel=\"nofollow noopener\" target=\"_blank\" style=\"font-size:32px!important;box-shadow:none;display:inline-block;vertical-align:middle\"><span class=\"heateor_sss_square_count heateor_sss_X_count\">&nbsp;<\/span><span class=\"heateor_sss_svg heateor_sss_s__default heateor_sss_s_x\" style=\"background-color:#2a2a2a;width:25px;height:25px;border-radius:999px;display:inline-block;opacity:1;float:left;font-size:32px;box-shadow:none;display:inline-block;font-size:16px;padding:0 4px;vertical-align:middle;background-repeat:repeat;overflow:hidden;padding:0;cursor:pointer;box-sizing:content-box\"><svg width=\"100%\" height=\"100%\" style=\"display:block;border-radius:999px;\" focusable=\"false\" aria-hidden=\"true\" xmlns=\"http:\/\/www.w3.org\/2000\/svg\" viewBox=\"0 0 32 32\"><path fill=\"#fff\" d=\"M21.751 7h3.067l-6.7 7.658L26 25.078h-6.172l-4.833-6.32-5.531 6.32h-3.07l7.167-8.19L6 7h6.328l4.37 5.777L21.75 7Zm-1.076 16.242h1.7L11.404 8.74H9.58l11.094 14.503Z\"><\/path><\/svg><\/span><\/a><a aria-label=\"Pinterest\" class=\"heateor_sss_button_pinterest\" href=\"https:\/\/azclan.com\/br\/mural-de-acordos\/\" onclick=\"event.preventDefault();javascript:void( (function() {var e=document.createElement('script' );e.setAttribute('type','text\/javascript' );e.setAttribute('charset','UTF-8' );e.setAttribute('src','\/\/assets.pinterest.com\/js\/pinmarklet.js?r='+Math.random()*99999999);document.body.appendChild(e)})());\" title=\"Pinterest\" rel=\"noopener\" style=\"font-size:32px!important;box-shadow:none;display:inline-block;vertical-align:middle\"><span class=\"heateor_sss_square_count heateor_sss_pinterest_count\">&nbsp;<\/span><span class=\"heateor_sss_svg heateor_sss_s__default heateor_sss_s_pinterest\" style=\"background-color:#cc2329;width:25px;height:25px;border-radius:999px;display:inline-block;opacity:1;float:left;font-size:32px;box-shadow:none;display:inline-block;font-size:16px;padding:0 4px;vertical-align:middle;background-repeat:repeat;overflow:hidden;padding:0;cursor:pointer;box-sizing:content-box\"><svg style=\"display:block;border-radius:999px;\" focusable=\"false\" aria-hidden=\"true\" xmlns=\"http:\/\/www.w3.org\/2000\/svg\" width=\"100%\" height=\"100%\" viewBox=\"-2 -2 35 35\"><path fill=\"#fff\" d=\"M16.539 4.5c-6.277 0-9.442 4.5-9.442 8.253 0 2.272.86 4.293 2.705 5.046.303.125.574.005.662-.33.061-.231.205-.816.27-1.06.088-.331.053-.447-.191-.736-.532-.627-.873-1.439-.873-2.591 0-3.338 2.498-6.327 6.505-6.327 3.548 0 5.497 2.168 5.497 5.062 0 3.81-1.686 7.025-4.188 7.025-1.382 0-2.416-1.142-2.085-2.545.397-1.674 1.166-3.48 1.166-4.689 0-1.081-.581-1.983-1.782-1.983-1.413 0-2.548 1.462-2.548 3.419 0 1.247.421 2.091.421 2.091l-1.699 7.199c-.505 2.137-.076 4.755-.039 5.019.021.158.223.196.314.077.13-.17 1.813-2.247 2.384-4.324.162-.587.929-3.631.929-3.631.46.876 1.801 1.646 3.227 1.646 4.247 0 7.128-3.871 7.128-9.053.003-3.918-3.317-7.568-8.361-7.568z\"\/><\/svg><\/span><\/a><a aria-label=\"Telegram\" class=\"heateor_sss_button_telegram\" href=\"https:\/\/telegram.me\/share\/url?url=https%3A%2F%2Fazclan.com%2Fbr%2Fmural-de-acordos%2F&text=Mural%20de%20la%C3%A7os\" title=\"Telegram\" rel=\"nofollow noopener\" target=\"_blank\" style=\"font-size:32px!important;box-shadow:none;display:inline-block;vertical-align:middle\"><span class=\"heateor_sss_square_count heateor_sss_Telegram_count\">&nbsp;<\/span><span class=\"heateor_sss_svg heateor_sss_s__default heateor_sss_s_telegram\" style=\"background-color:#3da5f1;width:25px;height:25px;border-radius:999px;display:inline-block;opacity:1;float:left;font-size:32px;box-shadow:none;display:inline-block;font-size:16px;padding:0 4px;vertical-align:middle;background-repeat:repeat;overflow:hidden;padding:0;cursor:pointer;box-sizing:content-box\"><svg style=\"display:block;border-radius:999px;\" focusable=\"false\" aria-hidden=\"true\" xmlns=\"http:\/\/www.w3.org\/2000\/svg\" width=\"100%\" height=\"100%\" viewBox=\"0 0 32 32\"><path fill=\"#fff\" d=\"M25.515 6.896L6.027 14.41c-1.33.534-1.322 1.276-.243 1.606l5 1.56 1.72 5.66c.226.625.115.873.77.873.506 0 .73-.235 1.012-.51l2.43-2.363 5.056 3.734c.93.514 1.602.25 1.834-.863l3.32-15.638c.338-1.363-.52-1.98-1.41-1.577z\"><\/path><\/svg><\/span><\/a><\/div><div class=\"heateorSssClear\"><\/div><\/div><div class='heateorSssClear'><\/div>","protected":false},"author":3,"featured_media":0,"parent":0,"menu_order":0,"comment_status":"closed","ping_status":"closed","template":"","meta":{"postBodyCss":"","postBodyMargin":[],"postBodyPadding":[],"postBodyBackground":{"backgroundType":"classic","gradient":""},"footnotes":""},"class_list":["post-1200","page","type-page","status-publish","hentry"],"yoast_head":"<!-- This site is optimized with the Yoast SEO plugin v27.4 - https:\/\/yoast.com\/product\/yoast-seo-wordpress\/ -->\n<title>Mural de la\u00e7os - AZClan<\/title>\n<meta name=\"robots\" content=\"index, follow, max-snippet:-1, max-image-preview:large, max-video-preview:-1\" \/>\n<link rel=\"canonical\" href=\"https:\/\/azclan.com\/br\/mural-de-acordos\/\" \/>\n<meta property=\"og:locale\" content=\"pt_BR\" \/>\n<meta property=\"og:type\" content=\"article\" \/>\n<meta property=\"og:title\" content=\"Mural de la\u00e7os - AZClan\" \/>\n<meta property=\"og:description\" content=\"Plataforma In\u00edcio Explorar Grupos Eventos Comunidade Diretrizes Membros F\u00f3rum Suporte Recursos Blog Ajuda Privacidade Termos Mais Anunciar Desenvolvedores Sobre n\u00f3s \u00a9 2024 NomeDaSuaRede \u2022 Conectando pessoas. Portugu\u00eas (Brasil) \u2022 English (US) \u2022 Espa\u00f1ol\" \/>\n<meta property=\"og:url\" content=\"https:\/\/azclan.com\/br\/mural-de-acordos\/\" \/>\n<meta property=\"og:site_name\" content=\"AZClan\" \/>\n<meta property=\"article:modified_time\" content=\"2026-04-01T04:07:31+00:00\" \/>\n<meta name=\"twitter:card\" content=\"summary_large_image\" \/>\n<meta name=\"twitter:label1\" content=\"Est. tempo de leitura\" \/>\n\t<meta name=\"twitter:data1\" content=\"1 minuto\" \/>\n<script type=\"application\/ld+json\" class=\"yoast-schema-graph\">{\"@context\":\"https:\\\/\\\/schema.org\",\"@graph\":[{\"@type\":\"WebPage\",\"@id\":\"https:\\\/\\\/azclan.com\\\/br\\\/mural-de-acordos\\\/\",\"url\":\"https:\\\/\\\/azclan.com\\\/br\\\/mural-de-acordos\\\/\",\"name\":\"Mural de la\u00e7os - AZClan\",\"isPartOf\":{\"@id\":\"https:\\\/\\\/azclan.com\\\/br\\\/#website\"},\"datePublished\":\"2026-01-22T18:27:24+00:00\",\"dateModified\":\"2026-04-01T04:07:31+00:00\",\"breadcrumb\":{\"@id\":\"https:\\\/\\\/azclan.com\\\/br\\\/mural-de-acordos\\\/#breadcrumb\"},\"inLanguage\":\"pt-BR\",\"potentialAction\":[{\"@type\":\"ReadAction\",\"target\":[\"https:\\\/\\\/azclan.com\\\/br\\\/mural-de-acordos\\\/\"]}]},{\"@type\":\"BreadcrumbList\",\"@id\":\"https:\\\/\\\/azclan.com\\\/br\\\/mural-de-acordos\\\/#breadcrumb\",\"itemListElement\":[{\"@type\":\"ListItem\",\"position\":1,\"name\":\"In\u00edcio\",\"item\":\"https:\\\/\\\/azclan.com\\\/br\\\/\"},{\"@type\":\"ListItem\",\"position\":2,\"name\":\"Mural de la\u00e7os\"}]},{\"@type\":\"WebSite\",\"@id\":\"https:\\\/\\\/azclan.com\\\/br\\\/#website\",\"url\":\"https:\\\/\\\/azclan.com\\\/br\\\/\",\"name\":\"AZClan\",\"description\":\"+ A\u00e7\u00e3o, Movimento e Vida Real\",\"potentialAction\":[{\"@type\":\"SearchAction\",\"target\":{\"@type\":\"EntryPoint\",\"urlTemplate\":\"https:\\\/\\\/azclan.com\\\/br\\\/?s={search_term_string}\"},\"query-input\":{\"@type\":\"PropertyValueSpecification\",\"valueRequired\":true,\"valueName\":\"search_term_string\"}}],\"inLanguage\":\"pt-BR\"}]}<\/script>\n<!-- \/ Yoast SEO plugin. -->","yoast_head_json":{"title":"Mural de la\u00e7os - AZClan","robots":{"index":"index","follow":"follow","max-snippet":"max-snippet:-1","max-image-preview":"max-image-preview:large","max-video-preview":"max-video-preview:-1"},"canonical":"https:\/\/azclan.com\/br\/mural-de-acordos\/","og_locale":"pt_BR","og_type":"article","og_title":"Mural de la\u00e7os - AZClan","og_description":"Plataforma In\u00edcio Explorar Grupos Eventos Comunidade Diretrizes Membros F\u00f3rum Suporte Recursos Blog Ajuda Privacidade Termos Mais Anunciar Desenvolvedores Sobre n\u00f3s \u00a9 2024 NomeDaSuaRede \u2022 Conectando pessoas. Portugu\u00eas (Brasil) \u2022 English (US) \u2022 Espa\u00f1ol","og_url":"https:\/\/azclan.com\/br\/mural-de-acordos\/","og_site_name":"AZClan","article_modified_time":"2026-04-01T04:07:31+00:00","twitter_card":"summary_large_image","twitter_misc":{"Est. tempo de leitura":"1 minuto"},"schema":{"@context":"https:\/\/schema.org","@graph":[{"@type":"WebPage","@id":"https:\/\/azclan.com\/br\/mural-de-acordos\/","url":"https:\/\/azclan.com\/br\/mural-de-acordos\/","name":"Mural de la\u00e7os - AZClan","isPartOf":{"@id":"https:\/\/azclan.com\/br\/#website"},"datePublished":"2026-01-22T18:27:24+00:00","dateModified":"2026-04-01T04:07:31+00:00","breadcrumb":{"@id":"https:\/\/azclan.com\/br\/mural-de-acordos\/#breadcrumb"},"inLanguage":"pt-BR","potentialAction":[{"@type":"ReadAction","target":["https:\/\/azclan.com\/br\/mural-de-acordos\/"]}]},{"@type":"BreadcrumbList","@id":"https:\/\/azclan.com\/br\/mural-de-acordos\/#breadcrumb","itemListElement":[{"@type":"ListItem","position":1,"name":"In\u00edcio","item":"https:\/\/azclan.com\/br\/"},{"@type":"ListItem","position":2,"name":"Mural de la\u00e7os"}]},{"@type":"WebSite","@id":"https:\/\/azclan.com\/br\/#website","url":"https:\/\/azclan.com\/br\/","name":"AZClan","description":"+ A\u00e7\u00e3o, Movimento e Vida Real","potentialAction":[{"@type":"SearchAction","target":{"@type":"EntryPoint","urlTemplate":"https:\/\/azclan.com\/br\/?s={search_term_string}"},"query-input":{"@type":"PropertyValueSpecification","valueRequired":true,"valueName":"search_term_string"}}],"inLanguage":"pt-BR"}]}},"_links":{"self":[{"href":"https:\/\/azclan.com\/br\/wp-json\/wp\/v2\/pages\/1200","targetHints":{"allow":["GET"]}}],"collection":[{"href":"https:\/\/azclan.com\/br\/wp-json\/wp\/v2\/pages"}],"about":[{"href":"https:\/\/azclan.com\/br\/wp-json\/wp\/v2\/types\/page"}],"author":[{"embeddable":true,"href":"https:\/\/azclan.com\/br\/wp-json\/wp\/v2\/users\/3"}],"replies":[{"embeddable":true,"href":"https:\/\/azclan.com\/br\/wp-json\/wp\/v2\/comments?post=1200"}],"version-history":[{"count":3,"href":"https:\/\/azclan.com\/br\/wp-json\/wp\/v2\/pages\/1200\/revisions"}],"predecessor-version":[{"id":1991,"href":"https:\/\/azclan.com\/br\/wp-json\/wp\/v2\/pages\/1200\/revisions\/1991"}],"wp:attachment":[{"href":"https:\/\/azclan.com\/br\/wp-json\/wp\/v2\/media?parent=1200"}],"curies":[{"name":"wp","href":"https:\/\/api.w.org\/{rel}","templated":true}]}}